{"id":6072,"date":"2017-11-06T13:15:00","date_gmt":"2017-11-06T12:15:00","guid":{"rendered":"http:\/\/www.michelemantovani.com\/?page_id=6072"},"modified":"2021-04-12T12:34:51","modified_gmt":"2021-04-12T11:34:51","slug":"blog-luxury-interior-design","status":"publish","type":"page","link":"https:\/\/www.michelemantovani.com\/en\/blog-luxury-interior-design\/","title":{"rendered":"Blog"},"content":{"rendered":"<div class=\"wpb-content-wrapper\"><p>[vc_row full_width=&#8221;stretch_row_content_no_spaces&#8221; content_text_aligment=&#8221;center&#8221; parallax_background_image=&#8221;4972&#8243; css=&#8221;.vc_custom_1538042083542{background-position: center !important;background-repeat: no-repeat !important;background-size: cover !important;}&#8221; parallax_bg_height=&#8221;140&#8243;][vc_column]<div class=\"edgtf-elements-holder   edgtf-one-column  edgtf-responsive-mode-768 \" ><div class=\"edgtf-eh-item   edgtf-horizontal-alignment-center \"  data-item-class=\"edgtf-eh-custom-8399\" data-1024-1280=\"120px 0 60px 0\" data-768-1024=\"0 0 60px 0\" data-680-768=\"0 0 60px 0\" data-680=\"0 0 60px 0\">\n\t<div class=\"edgtf-eh-item-inner\">\n\t\t<div class=\"edgtf-eh-item-content edgtf-eh-custom-8399\" style=\"padding: 120px 368px 60px 368px\">\n\t\t\t[vc_row_inner][vc_column_inner][vc_column_text][\/vc_column_text][\/vc_column_inner][\/vc_row_inner]\t\t<\/div>\n\t<\/div>\n<\/div><\/div>[\/vc_column][\/vc_row][vc_row row_content_width=&#8221;grid&#8221; css=&#8221;.vc_custom_1535817863379{padding-top: 45px !important;padding-bottom: 45px !important;}&#8221;][vc_column][vc_column_text]<\/p>\n<h1>BLOG<\/h1>\n<p>[\/vc_column_text][vc_empty_space height=&#8221;25px&#8221;]<div class=\"edgtf-blog-list-holder edgtf-bl-boxed edgtf-bl-three-columns edgtf-large-space edgtf-bl-pag-load-more \"  data-type=boxed data-number-of-posts=5 data-number-of-columns=3 data-space-between-items=large data-category=news data-orderby=date data-order=DESC data-image-size=aalto_edge_landscape data-title-tag=h3 data-excerpt-length=23 data-post-info-section=yes data-post-info-image=yes data-post-info-author=yes data-post-info-date=yes data-post-info-category=yes data-post-info-comments=no data-post-info-like=no data-post-info-share=no data-pagination-type=load-more data-show-info-on-appear=yes data-enable-parallax-animation=yes data-max-num-pages=5 data-next-page=2>\n\t<div class=\"edgtf-bl-wrapper edgtf-outer-space\">\n\t\t<ul class=\"edgtf-blog-list\">\n\t\t\t<li class=\"edgtf-bl-item edgtf-item-space clearfix\">\n\t<div class=\"edgtf-bli-inner\">\n\t\t\n\t<div class=\"edgtf-post-image\">\n\t\t\t\t\t<a itemprop=\"url\" href=\"https:\/\/www.michelemantovani.com\/en\/discover-the-difference-between-rehabilitation-and-reform\/\" title=\"Find out the difference between renovation and restoration.\">\n\t\t\t\t\t<img decoding=\"async\" width=\"1024\" height=\"550\" src=\"https:\/\/www.michelemantovani.com\/wp-content\/uploads\/2026\/03\/Reforma-o-rehabilitacion-1024x550.webp\" class=\"attachment-aalto_edge_landscape size-aalto_edge_landscape wp-post-image\" alt=\"\" \/>\t\t\t\t\t<\/a>\n\t\t\t\t\t<\/div>\n        <div class=\"edgtf-bli-content\">\n\t        \n<h3 itemprop=\"name\" class=\"entry-title edgtf-post-title\" >\n            <a itemprop=\"url\" href=\"https:\/\/www.michelemantovani.com\/en\/discover-the-difference-between-rehabilitation-and-reform\/\" title=\"Find out the difference between renovation and restoration.\">\n            Find out the difference between renovation and restoration.            <\/a>\n    <\/h3>                <div class=\"edgtf-bli-info\">\n\t                <div class=\"edgtf-post-info-author\">\n    <span class=\"edgtf-post-info-author-text\">\n        by    <\/span>\n    <a itemprop=\"author\" class=\"edgtf-post-info-author-link\" href=\"https:\/\/www.michelemantovani.com\/en\/author\/mms\/\">\n        Michele Mantovani Studio    <\/a>\n<\/div><div class=\"edgtf-post-info-category\">\n    <a href=\"https:\/\/www.michelemantovani.com\/en\/news-luxury-interior-design\/\" rel=\"category tag\">NEWS<\/a><\/div><div itemprop=\"dateCreated\" class=\"edgtf-post-info-date entry-date published updated\">\n            <a itemprop=\"url\" href=\"https:\/\/www.michelemantovani.com\/en\/2021\/07\/\">\n    \n        July 9, 2021        <\/a>\n    <meta itemprop=\"interactionCount\" content=\"UserComments: 0\"\/>\n<\/div>                <\/div>\n            \t\n\t        <div class=\"edgtf-bli-excerpt\">\n\t\t        \t\t<div class=\"edgtf-post-excerpt-holder\">\n\t\t\t<p itemprop=\"description\" class=\"edgtf-post-excerpt\">\n\t\t\t\tWhen renovating a home, we are faced with many challenges and decisions to make. In addition, there are numerous terms and concepts that\t\t\t<\/p>\n\t\t<\/div>\n\t\t\t        \t<div class=\"edgtf-post-read-more-button\">\n\t\t<a itemprop=\"url\" href=\"https:\/\/www.michelemantovani.com\/en\/discover-the-difference-between-rehabilitation-and-reform\/\" target=\"_self\" style=\"text-transform: capitalize\" class=\"edgtf-btn edgtf-btn-medium edgtf-btn-simple edgtf-btn-with-arrow edgtf-btn-text-on-hover\"  >            <span class=\"edgtf-btn-text\">Read More<\/span>            <span class=\"edgtf-btn-arrow\">            <svg version=\"1.1\" id=\"btn-arrow-1029723482\" xmlns=\"http:\/\/www.w3.org\/2000\/svg\" xmlns:xlink=\"http:\/\/www.w3.org\/1999\/xlink\" x=\"0px\" y=\"0px\"                 width=\"18px\" height=\"4px\" viewBox=\"0 0 18 4\" enable-background=\"new 0 0 18 4\" xml:space=\"preserve\">            \t<polyline fill=\"none\" stroke=\"#323232\" stroke-miterlimit=\"10\" points=\"0,3.508 16.809,3.508 13.686,0.342 \"\/>            <\/svg>        <\/span>    <\/a>\t<\/div>\n\t        <\/div>\n        <\/div>\n\t<\/div>\n<\/li><li class=\"edgtf-bl-item edgtf-item-space clearfix\">\n\t<div class=\"edgtf-bli-inner\">\n\t\t\n\t<div class=\"edgtf-post-image\">\n\t\t\t\t\t<a itemprop=\"url\" href=\"https:\/\/www.michelemantovani.com\/en\/what-are-the-interior-design-trends-this-summer-2021\/\" title=\"What will be this summer interior design latest trends?\">\n\t\t\t\t\t<img decoding=\"async\" width=\"1100\" height=\"550\" src=\"https:\/\/www.michelemantovani.com\/wp-content\/uploads\/2021\/01\/Disen\u0303o-de-terraza-Barcelona-1100x550.jpg\" class=\"attachment-aalto_edge_landscape size-aalto_edge_landscape wp-post-image\" alt=\"El dise\u00f1o de terrazas y la recuperaci\u00f3n de espacios intermedios marcar\u00e1n las tendencias de interiorismo de 2021.\" \/>\t\t\t\t\t<\/a>\n\t\t\t\t\t<\/div>\n        <div class=\"edgtf-bli-content\">\n\t        \n<h3 itemprop=\"name\" class=\"entry-title edgtf-post-title\" >\n            <a itemprop=\"url\" href=\"https:\/\/www.michelemantovani.com\/en\/what-are-the-interior-design-trends-this-summer-2021\/\" title=\"What will be this summer interior design latest trends?\">\n            What will be this summer interior design latest trends?            <\/a>\n    <\/h3>                <div class=\"edgtf-bli-info\">\n\t                <div class=\"edgtf-post-info-author\">\n    <span class=\"edgtf-post-info-author-text\">\n        by    <\/span>\n    <a itemprop=\"author\" class=\"edgtf-post-info-author-link\" href=\"https:\/\/www.michelemantovani.com\/en\/author\/mms\/\">\n        Michele Mantovani Studio    <\/a>\n<\/div><div class=\"edgtf-post-info-category\">\n    <a href=\"https:\/\/www.michelemantovani.com\/en\/news-luxury-interior-design\/\" rel=\"category tag\">NEWS<\/a><\/div><div itemprop=\"dateCreated\" class=\"edgtf-post-info-date entry-date published updated\">\n            <a itemprop=\"url\" href=\"https:\/\/www.michelemantovani.com\/en\/2021\/06\/\">\n    \n        June 25, 2021        <\/a>\n    <meta itemprop=\"interactionCount\" content=\"UserComments: 0\"\/>\n<\/div>                <\/div>\n            \t\n\t        <div class=\"edgtf-bli-excerpt\">\n\t\t        \t\t<div class=\"edgtf-post-excerpt-holder\">\n\t\t\t<p itemprop=\"description\" class=\"edgtf-post-excerpt\">\n\t\t\t\tSummer has just begun and we are ready to announce the most prominent design trends of 2021 hottest months. Whether you want to\t\t\t<\/p>\n\t\t<\/div>\n\t\t\t        \t<div class=\"edgtf-post-read-more-button\">\n\t\t<a itemprop=\"url\" href=\"https:\/\/www.michelemantovani.com\/en\/what-are-the-interior-design-trends-this-summer-2021\/\" target=\"_self\" style=\"text-transform: capitalize\" class=\"edgtf-btn edgtf-btn-medium edgtf-btn-simple edgtf-btn-with-arrow edgtf-btn-text-on-hover\"  >            <span class=\"edgtf-btn-text\">Read More<\/span>            <span class=\"edgtf-btn-arrow\">            <svg version=\"1.1\" id=\"btn-arrow-1704227347\" xmlns=\"http:\/\/www.w3.org\/2000\/svg\" xmlns:xlink=\"http:\/\/www.w3.org\/1999\/xlink\" x=\"0px\" y=\"0px\"                 width=\"18px\" height=\"4px\" viewBox=\"0 0 18 4\" enable-background=\"new 0 0 18 4\" xml:space=\"preserve\">            \t<polyline fill=\"none\" stroke=\"#323232\" stroke-miterlimit=\"10\" points=\"0,3.508 16.809,3.508 13.686,0.342 \"\/>            <\/svg>        <\/span>    <\/a>\t<\/div>\n\t        <\/div>\n        <\/div>\n\t<\/div>\n<\/li><li class=\"edgtf-bl-item edgtf-item-space clearfix\">\n\t<div class=\"edgtf-bli-inner\">\n\t\t\n\t<div class=\"edgtf-post-image\">\n\t\t\t\t\t<a itemprop=\"url\" href=\"https:\/\/www.michelemantovani.com\/en\/cities-of-the-future-which-factors-will-mark-architecture-of-the-future\/\" title=\"What will the cities of the future look like and what factors will determine their shape?\">\n\t\t\t\t\t<img decoding=\"async\" width=\"1024\" height=\"550\" src=\"https:\/\/www.michelemantovani.com\/wp-content\/uploads\/2021\/06\/ciudades-del-futuro-1024x550.webp\" class=\"attachment-aalto_edge_landscape size-aalto_edge_landscape wp-post-image\" alt=\"\" \/>\t\t\t\t\t<\/a>\n\t\t\t\t\t<\/div>\n        <div class=\"edgtf-bli-content\">\n\t        \n<h3 itemprop=\"name\" class=\"entry-title edgtf-post-title\" >\n            <a itemprop=\"url\" href=\"https:\/\/www.michelemantovani.com\/en\/cities-of-the-future-which-factors-will-mark-architecture-of-the-future\/\" title=\"What will the cities of the future look like and what factors will determine their shape?\">\n            What will the cities of the future look like and what factors will determine their shape?            <\/a>\n    <\/h3>                <div class=\"edgtf-bli-info\">\n\t                <div class=\"edgtf-post-info-author\">\n    <span class=\"edgtf-post-info-author-text\">\n        by    <\/span>\n    <a itemprop=\"author\" class=\"edgtf-post-info-author-link\" href=\"https:\/\/www.michelemantovani.com\/en\/author\/mms\/\">\n        Michele Mantovani Studio    <\/a>\n<\/div><div class=\"edgtf-post-info-category\">\n    <a href=\"https:\/\/www.michelemantovani.com\/en\/news-luxury-interior-design\/\" rel=\"category tag\">NEWS<\/a><\/div><div itemprop=\"dateCreated\" class=\"edgtf-post-info-date entry-date published updated\">\n            <a itemprop=\"url\" href=\"https:\/\/www.michelemantovani.com\/en\/2021\/06\/\">\n    \n        June 4, 2021        <\/a>\n    <meta itemprop=\"interactionCount\" content=\"UserComments: 0\"\/>\n<\/div>                <\/div>\n            \t\n\t        <div class=\"edgtf-bli-excerpt\">\n\t\t        \t\t<div class=\"edgtf-post-excerpt-holder\">\n\t\t\t<p itemprop=\"description\" class=\"edgtf-post-excerpt\">\n\t\t\t\tWhen designing new spaces or rehabilitating existing ones, we must take into account how quickly both human needs and new technologies are changing.\t\t\t<\/p>\n\t\t<\/div>\n\t\t\t        \t<div class=\"edgtf-post-read-more-button\">\n\t\t<a itemprop=\"url\" href=\"https:\/\/www.michelemantovani.com\/en\/cities-of-the-future-which-factors-will-mark-architecture-of-the-future\/\" target=\"_self\" style=\"text-transform: capitalize\" class=\"edgtf-btn edgtf-btn-medium edgtf-btn-simple edgtf-btn-with-arrow edgtf-btn-text-on-hover\"  >            <span class=\"edgtf-btn-text\">Read More<\/span>            <span class=\"edgtf-btn-arrow\">            <svg version=\"1.1\" id=\"btn-arrow-2004464918\" xmlns=\"http:\/\/www.w3.org\/2000\/svg\" xmlns:xlink=\"http:\/\/www.w3.org\/1999\/xlink\" x=\"0px\" y=\"0px\"                 width=\"18px\" height=\"4px\" viewBox=\"0 0 18 4\" enable-background=\"new 0 0 18 4\" xml:space=\"preserve\">            \t<polyline fill=\"none\" stroke=\"#323232\" stroke-miterlimit=\"10\" points=\"0,3.508 16.809,3.508 13.686,0.342 \"\/>            <\/svg>        <\/span>    <\/a>\t<\/div>\n\t        <\/div>\n        <\/div>\n\t<\/div>\n<\/li><li class=\"edgtf-bl-item edgtf-item-space clearfix\">\n\t<div class=\"edgtf-bli-inner\">\n\t\t\n\t<div class=\"edgtf-post-image\">\n\t\t\t\t\t<a itemprop=\"url\" href=\"https:\/\/www.michelemantovani.com\/en\/discover-the-new-construction-materials-to-be-more-environmentally-conscious\/\" title=\"Discover the new construction materials to be more environmentally conscious.\">\n\t\t\t\t\t<img decoding=\"async\" width=\"819\" height=\"550\" src=\"https:\/\/www.michelemantovani.com\/wp-content\/uploads\/2021\/05\/BC2E95FB-6B80-4FD7-A84E-3878FBBD1EBB-819x550.jpg\" class=\"attachment-aalto_edge_landscape size-aalto_edge_landscape wp-post-image\" alt=\"\" \/>\t\t\t\t\t<\/a>\n\t\t\t\t\t<\/div>\n        <div class=\"edgtf-bli-content\">\n\t        \n<h3 itemprop=\"name\" class=\"entry-title edgtf-post-title\" >\n            <a itemprop=\"url\" href=\"https:\/\/www.michelemantovani.com\/en\/discover-the-new-construction-materials-to-be-more-environmentally-conscious\/\" title=\"Discover the new construction materials to be more environmentally conscious.\">\n            Discover the new construction materials to be more environmentally conscious.            <\/a>\n    <\/h3>                <div class=\"edgtf-bli-info\">\n\t                <div class=\"edgtf-post-info-author\">\n    <span class=\"edgtf-post-info-author-text\">\n        by    <\/span>\n    <a itemprop=\"author\" class=\"edgtf-post-info-author-link\" href=\"https:\/\/www.michelemantovani.com\/en\/author\/mms\/\">\n        Michele Mantovani Studio    <\/a>\n<\/div><div class=\"edgtf-post-info-category\">\n    <a href=\"https:\/\/www.michelemantovani.com\/en\/news-luxury-interior-design\/\" rel=\"category tag\">NEWS<\/a><\/div><div itemprop=\"dateCreated\" class=\"edgtf-post-info-date entry-date published updated\">\n            <a itemprop=\"url\" href=\"https:\/\/www.michelemantovani.com\/en\/2021\/05\/\">\n    \n        May 21, 2021        <\/a>\n    <meta itemprop=\"interactionCount\" content=\"UserComments: 0\"\/>\n<\/div>                <\/div>\n            \t\n\t        <div class=\"edgtf-bli-excerpt\">\n\t\t        \t\t<div class=\"edgtf-post-excerpt-holder\">\n\t\t\t<p itemprop=\"description\" class=\"edgtf-post-excerpt\">\n\t\t\t\tNowadays, one of the main challenges in the construction sector is to reduce the environmental impact that buildings have. For this reason, most\t\t\t<\/p>\n\t\t<\/div>\n\t\t\t        \t<div class=\"edgtf-post-read-more-button\">\n\t\t<a itemprop=\"url\" href=\"https:\/\/www.michelemantovani.com\/en\/discover-the-new-construction-materials-to-be-more-environmentally-conscious\/\" target=\"_self\" style=\"text-transform: capitalize\" class=\"edgtf-btn edgtf-btn-medium edgtf-btn-simple edgtf-btn-with-arrow edgtf-btn-text-on-hover\"  >            <span class=\"edgtf-btn-text\">Read More<\/span>            <span class=\"edgtf-btn-arrow\">            <svg version=\"1.1\" id=\"btn-arrow-1646999516\" xmlns=\"http:\/\/www.w3.org\/2000\/svg\" xmlns:xlink=\"http:\/\/www.w3.org\/1999\/xlink\" x=\"0px\" y=\"0px\"                 width=\"18px\" height=\"4px\" viewBox=\"0 0 18 4\" enable-background=\"new 0 0 18 4\" xml:space=\"preserve\">            \t<polyline fill=\"none\" stroke=\"#323232\" stroke-miterlimit=\"10\" points=\"0,3.508 16.809,3.508 13.686,0.342 \"\/>            <\/svg>        <\/span>    <\/a>\t<\/div>\n\t        <\/div>\n        <\/div>\n\t<\/div>\n<\/li><li class=\"edgtf-bl-item edgtf-item-space clearfix\">\n\t<div class=\"edgtf-bli-inner\">\n\t\t\n\t<div class=\"edgtf-post-image\">\n\t\t\t\t\t<a itemprop=\"url\" href=\"https:\/\/www.michelemantovani.com\/en\/we-present-the-new-furniture-collection-from-kelvin-giormani-drawn-up-by-our-studio\/\" title=\"We present the new collection for Kelvin Giormani furniture, designed by our studio.\">\n\t\t\t\t\t<img decoding=\"async\" width=\"1027\" height=\"550\" src=\"https:\/\/www.michelemantovani.com\/wp-content\/uploads\/2021\/05\/Amanda-OK-1027x550.png\" class=\"attachment-aalto_edge_landscape size-aalto_edge_landscape wp-post-image\" alt=\"El equipo de Michele Mantovani Studio ha dise\u00f1ado la nueva colecci\u00f3n de muebles de Kelvin Giormani.\" \/>\t\t\t\t\t<\/a>\n\t\t\t\t\t<\/div>\n        <div class=\"edgtf-bli-content\">\n\t        \n<h3 itemprop=\"name\" class=\"entry-title edgtf-post-title\" >\n            <a itemprop=\"url\" href=\"https:\/\/www.michelemantovani.com\/en\/we-present-the-new-furniture-collection-from-kelvin-giormani-drawn-up-by-our-studio\/\" title=\"We present the new collection for Kelvin Giormani furniture, designed by our studio.\">\n            We present the new collection for Kelvin Giormani furniture, designed by our studio.            <\/a>\n    <\/h3>                <div class=\"edgtf-bli-info\">\n\t                <div class=\"edgtf-post-info-author\">\n    <span class=\"edgtf-post-info-author-text\">\n        by    <\/span>\n    <a itemprop=\"author\" class=\"edgtf-post-info-author-link\" href=\"https:\/\/www.michelemantovani.com\/en\/author\/mms\/\">\n        Michele Mantovani Studio    <\/a>\n<\/div><div class=\"edgtf-post-info-category\">\n    <a href=\"https:\/\/www.michelemantovani.com\/en\/news-luxury-interior-design\/\" rel=\"category tag\">NEWS<\/a><\/div><div itemprop=\"dateCreated\" class=\"edgtf-post-info-date entry-date published updated\">\n            <a itemprop=\"url\" href=\"https:\/\/www.michelemantovani.com\/en\/2021\/04\/\">\n    \n        April 30, 2021        <\/a>\n    <meta itemprop=\"interactionCount\" content=\"UserComments: 0\"\/>\n<\/div>                <\/div>\n            \t\n\t        <div class=\"edgtf-bli-excerpt\">\n\t\t        \t\t<div class=\"edgtf-post-excerpt-holder\">\n\t\t\t<p itemprop=\"description\" class=\"edgtf-post-excerpt\">\n\t\t\t\tMichele Mantovani Studio has designed the new Kelvin Giormani furniture collection. Discover the pieces of Italian design presented in this catalogue.\r\nOur team designs\t\t\t<\/p>\n\t\t<\/div>\n\t\t\t        \t<div class=\"edgtf-post-read-more-button\">\n\t\t<a itemprop=\"url\" href=\"https:\/\/www.michelemantovani.com\/en\/we-present-the-new-furniture-collection-from-kelvin-giormani-drawn-up-by-our-studio\/\" target=\"_self\" style=\"text-transform: capitalize\" class=\"edgtf-btn edgtf-btn-medium edgtf-btn-simple edgtf-btn-with-arrow edgtf-btn-text-on-hover\"  >            <span class=\"edgtf-btn-text\">Read More<\/span>            <span class=\"edgtf-btn-arrow\">            <svg version=\"1.1\" id=\"btn-arrow-1871102335\" xmlns=\"http:\/\/www.w3.org\/2000\/svg\" xmlns:xlink=\"http:\/\/www.w3.org\/1999\/xlink\" x=\"0px\" y=\"0px\"                 width=\"18px\" height=\"4px\" viewBox=\"0 0 18 4\" enable-background=\"new 0 0 18 4\" xml:space=\"preserve\">            \t<polyline fill=\"none\" stroke=\"#323232\" stroke-miterlimit=\"10\" points=\"0,3.508 16.809,3.508 13.686,0.342 \"\/>            <\/svg>        <\/span>    <\/a>\t<\/div>\n\t        <\/div>\n        <\/div>\n\t<\/div>\n<\/li>\t\t<\/ul>\n\t<\/div>\n\t\t<div class=\"edgtf-blog-pag-loading\">\n\t\t<div class=\"edgtf-blog-pag-bounce1\"><\/div>\n\t\t<div class=\"edgtf-blog-pag-bounce2\"><\/div>\n\t\t<div class=\"edgtf-blog-pag-bounce3\"><\/div>\n\t<\/div>\n\t<div class=\"edgtf-blog-pag-load-more\">\n\t\t<a itemprop=\"url\" href=\"\" target=\"_self\" style=\"text-transform: capitalize\" class=\"edgtf-btn edgtf-btn-large edgtf-btn-solid edgtf-btn-with-crosshair\"  >                        <span class=\"edgtf-btn-lines edgtf-line-1\" style=\"background-color: #999\"><\/span>                    <span class=\"edgtf-btn-lines edgtf-line-2\" style=\"background-color: #999\"><\/span>                    <span class=\"edgtf-btn-lines edgtf-line-3\" style=\"background-color: #999\"><\/span>                    <span class=\"edgtf-btn-lines edgtf-line-4\" style=\"background-color: #999\"><\/span>                    <span class=\"edgtf-btn-text\">Load more<\/span>                <\/a>\t<\/div>\n<\/div>[vc_empty_space height=&#8221;25px&#8221;][\/vc_column][\/vc_row][vc_row][vc_column][\/vc_column][\/vc_row]<\/p>\n<\/div>","protected":false},"excerpt":{"rendered":"<p>[vc_row full_width=&#8221;stretch_row_content_no_spaces&#8221; content_text_aligment=&#8221;center&#8221; parallax_background_image=&#8221;4972&#8243; css=&#8221;.vc_custom_1538042083542{background-position: center !important;background-repeat: no-repeat !important;background-size: cover !important;}&#8221; parallax_bg_height=&#8221;140&#8243;][vc_column][\/vc_column][\/vc_row][vc_row row_content_width=&#8221;grid&#8221; css=&#8221;.vc_custom_1535817863379{padding-top: 45px !important;padding-bottom: 45px !important;}&#8221;][vc_column][vc_column_text] BLOG [\/vc_column_text][vc_empty_space height=&#8221;25px&#8221;][vc_empty_space height=&#8221;25px&#8221;][\/vc_column][\/vc_row][vc_row][vc_column][\/vc_column][\/vc_row]<\/p>\n","protected":false},"author":1,"featured_media":0,"parent":0,"menu_order":0,"comment_status":"closed","ping_status":"closed","template":"full-width.php","meta":{"footnotes":""},"class_list":["post-6072","page","type-page","status-publish","hentry"],"_links":{"self":[{"href":"https:\/\/www.michelemantovani.com\/en\/wp-json\/wp\/v2\/pages\/6072","targetHints":{"allow":["GET"]}}],"collection":[{"href":"https:\/\/www.michelemantovani.com\/en\/wp-json\/wp\/v2\/pages"}],"about":[{"href":"https:\/\/www.michelemantovani.com\/en\/wp-json\/wp\/v2\/types\/page"}],"author":[{"embeddable":true,"href":"https:\/\/www.michelemantovani.com\/en\/wp-json\/wp\/v2\/users\/1"}],"replies":[{"embeddable":true,"href":"https:\/\/www.michelemantovani.com\/en\/wp-json\/wp\/v2\/comments?post=6072"}],"version-history":[{"count":0,"href":"https:\/\/www.michelemantovani.com\/en\/wp-json\/wp\/v2\/pages\/6072\/revisions"}],"wp:attachment":[{"href":"https:\/\/www.michelemantovani.com\/en\/wp-json\/wp\/v2\/media?parent=6072"}],"curies":[{"name":"wp","href":"https:\/\/api.w.org\/{rel}","templated":true}]}}